{"id":223,"date":"2016-06-07T20:03:48","date_gmt":"2016-06-07T20:03:48","guid":{"rendered":"http:\/\/nightlineffm.com\/?page_id=223"},"modified":"2025-12-01T19:24:24","modified_gmt":"2025-12-01T19:24:24","slug":"impressum","status":"publish","type":"page","link":"https:\/\/nightlineffm.com\/?page_id=223","title":{"rendered":"Impressum"},"content":{"rendered":"\n<div style=\"height:100px\" aria-hidden=\"true\" class=\"wp-block-spacer\"><\/div>\n\n\n\n<h1 class=\"wp-block-heading\">IMPRESSUM<\/h1>\n\n\n\n<h2 class=\"wp-block-heading\">Betreiber<\/h2>\n\n\n\n<p>Nightline Frankfurt e.V.<\/p>\n\n\n\n<h2 class=\"wp-block-heading\"><strong>Anschrift<\/strong><\/h2>\n\n\n\n<p>Johann Wolfgang Goethe-Universit\u00e4t Frankfurt<br>NIGHTLINE FRANKFURT<br>PEG-Postfach 88<br>Theodor-W.-Adorno-Platz 1<br>60629 Frankfurt am Main<\/p>\n\n\n\n<p><strong>Kontakt<\/strong>: <a href=\"mailto:nightline.frankfurt@gmail.com\">nightline.frankfurt@gmail.com<\/a><\/p>\n\n\n\n<p><em>(Bitte beachte, dass die Nightline Frankfurt keine Email-Beratung anbietet. Wenn du lieber per E-Mail Unterst\u00fctzung suchen m\u00f6chtest, kontaktiere gerne eine der anderen Nightlines wie z.B. die Nightline Freiburg.)<\/em><\/p>\n\n\n\n<div><b>Haftungshinweis:<\/b>&nbsp;Trotz sorgf\u00e4ltiger inhaltlicher Kontrolle \u00fcbernehmen wir keine Haftung f\u00fcr die Inhalte externer Links. F\u00fcr den Inhalt der verlinkten Seiten sind ausschlie\u00dflich deren Betreiber verantwortlich.<\/div>\n","protected":false},"excerpt":{"rendered":"<p>IMPRESSUM Betreiber Nightline Frankfurt e.V. Anschrift Johann Wolfgang Goethe-Universit\u00e4t FrankfurtNIGHTLINE FRANKFURTPEG-Postfach 88Theodor-W.-Adorno-Platz 160629 Frankfurt am Main Kontakt: nightline.frankfurt@gmail.com (Bitte beachte, dass die Nightline Frankfurt keine Email-Beratung anbietet. Wenn du lieber per E-Mail Unterst\u00fctzung suchen m\u00f6chtest, kontaktiere gerne eine der anderen Nightlines wie z.B. die Nightline Freiburg.) Haftungshinweis:&nbsp;Trotz sorgf\u00e4ltiger inhaltlicher Kontrolle \u00fcbernehmen wir keine Haftung f\u00fcr&hellip;&nbsp;<a href=\"https:\/\/nightlineffm.com\/?page_id=223\" class=\"\" rel=\"bookmark\">Weiterlesen &raquo;<span class=\"screen-reader-text\">Impressum<\/span><\/a><\/p>\n","protected":false},"author":1,"featured_media":0,"parent":0,"menu_order":8,"comment_status":"closed","ping_status":"closed","template":"","meta":{"neve_meta_sidebar":"","neve_meta_container":"","neve_meta_enable_content_width":"","neve_meta_content_width":0,"neve_meta_title_alignment":"","neve_meta_author_avatar":"","neve_post_elements_order":"","neve_meta_disable_header":"","neve_meta_disable_footer":"","neve_meta_disable_title":"","footnotes":""},"class_list":["post-223","page","type-page","status-publish","hentry"],"_links":{"self":[{"href":"https:\/\/nightlineffm.com\/index.php?rest_route=\/wp\/v2\/pages\/223","targetHints":{"allow":["GET"]}}],"collection":[{"href":"https:\/\/nightlineffm.com\/index.php?rest_route=\/wp\/v2\/pages"}],"about":[{"href":"https:\/\/nightlineffm.com\/index.php?rest_route=\/wp\/v2\/types\/page"}],"author":[{"embeddable":true,"href":"https:\/\/nightlineffm.com\/index.php?rest_route=\/wp\/v2\/users\/1"}],"replies":[{"embeddable":true,"href":"https:\/\/nightlineffm.com\/index.php?rest_route=%2Fwp%2Fv2%2Fcomments&post=223"}],"version-history":[{"count":3,"href":"https:\/\/nightlineffm.com\/index.php?rest_route=\/wp\/v2\/pages\/223\/revisions"}],"predecessor-version":[{"id":919,"href":"https:\/\/nightlineffm.com\/index.php?rest_route=\/wp\/v2\/pages\/223\/revisions\/919"}],"wp:attachment":[{"href":"https:\/\/nightlineffm.com\/index.php?rest_route=%2Fwp%2Fv2%2Fmedia&parent=223"}],"curies":[{"name":"wp","href":"https:\/\/api.w.org\/{rel}","templated":true}]}}